{"id":588,"date":"2019-05-22T11:50:53","date_gmt":"2019-05-22T09:50:53","guid":{"rendered":"http:\/\/ngrmaq.local\/?page_id=588"},"modified":"2022-03-24T14:45:52","modified_gmt":"2022-03-24T13:45:52","slug":"formacao","status":"publish","type":"page","link":"https:\/\/mail.ngrmaq.es\/pt\/formacao\/","title":{"rendered":"Forma\u00e7\u00e3o"},"content":{"rendered":"<p>[vc_row][vc_column][vc_empty_space height=&#8221;100px&#8221;][vc_column_text]<\/p>\n<h2>FORMA\u00c7\u00c3O<\/h2>\n<p>[\/vc_column_text][vc_empty_space height=&#8221;50px&#8221;][vc_column_text]Os nossos cursos de treinamento incluem tr\u00eas programas formativos principais, que podem ser combinados e personalizados de acordo com as necessidades pessoais de cada cliente:[\/vc_column_text][vc_empty_space][vc_row_inner][vc_column_inner el_class=&#8221;columna-formacion&#8221; width=&#8221;1\/3&#8243;][vc_column_text el_class=&#8221;bloque-formacion&#8221;]INTRODU\u00c7\u00c3O AO PERFILAGEM[\/vc_column_text][vc_column_text el_class=&#8221;texto-formacion&#8221;]<\/p>\n<p style=\"text-align: center;\">Para organiza\u00e7\u00f5es sem conhecimentos que estejam interessadas em abordar o processo.<\/p>\n<p>[\/vc_column_text][vc_empty_space][vc_separator color=&#8221;violet&#8221; border_width=&#8221;6&#8243;][vc_empty_space][\/vc_column_inner][vc_column_inner el_class=&#8221;columna-formacion&#8221; width=&#8221;1\/3&#8243;][vc_column_text el_class=&#8221;bloque-formacion&#8221;]DESENHO DE PE\u00c7AS PERFILADAS[\/vc_column_text][vc_column_text el_class=&#8221;texto-formacion&#8221;]<\/p>\n<p style=\"text-align: center;\">Destinado a aumentar as capacidades dos desenhadores para melhorar a fabricabilidade dos componentes deles.<\/p>\n<p>[\/vc_column_text][vc_empty_space][vc_separator color=&#8221;violet&#8221; border_width=&#8221;6&#8243;][vc_empty_space][\/vc_column_inner][vc_column_inner el_class=&#8221;columna-formacion&#8221; width=&#8221;1\/3&#8243;][vc_column_text el_class=&#8221;bloque-formacion&#8221;]APROXIMA\u00c7\u00c3O CIENT\u00cdFICA<br \/>\nAO PERFILAGEM[\/vc_column_text][vc_column_text el_class=&#8221;texto-formacion&#8221;]<\/p>\n<p style=\"text-align: center;\">Para fabricantes de perfis especialistas que queram conectar os conhecimentos pr\u00e1ticos deles com uma abordagem sistem\u00e1tica e cient\u00edfica baseada na deforma\u00e7\u00e3o do material durante o processo.<\/p>\n<p>[\/vc_column_text][vc_empty_space][vc_separator color=&#8221;violet&#8221; border_width=&#8221;6&#8243;][vc_empty_space][\/vc_column_inner][\/vc_row_inner][vc_empty_space height=&#8221;30px&#8221;][vc_column_text][vc_row][vc_column width=&#8221;1\/1&#8243;][vc_column_text]Com estes cursos, os usu\u00e1rios entendem quais s\u00e3o as causas dos defeitos que v\u00e3o aparecer no processo produtivo na perfiladora, e ap\u00f3s analisar a deforma\u00e7\u00e3o que vai sofrer a chapa, bem como a magnitude dela, podem adotar as medidas mais adequadas em cada caso para combater as mencionadas causas.\u00a0E tudo isso antes mesmo de mecanizar as ferramentas, com a consequente economia em tempo e recursos que isso implica.<\/p>\n<p>&nbsp;<\/p>\n<p>Em paralelo, em colabora\u00e7\u00e3o com o fabricante de software UBECO, realizamos cursos de forma\u00e7\u00e3o sobre a utiliza\u00e7\u00e3o do produto dele, <strong>UBECO\u00ae.\u00a0<\/strong>O objetivo do curso \u00e9 permitir ao usu\u00e1rio obter o desenho geom\u00e9trico das ferramentas de maneira muito r\u00e1pida e simples.[\/vc_column_text][\/vc_column][\/vc_row]<\/p>\n","protected":false},"excerpt":{"rendered":"<p>[vc_row][vc_column][vc_empty_space height=&#8221;100px&#8221;][vc_column_text] FORMA\u00c7\u00c3O [\/vc_column_text][vc_empty_space height=&#8221;50px&#8221;][vc_column_text]Os nossos cursos de treinamento incluem tr\u00eas programas formativos principais, que podem ser combinados e personalizados de &#8230;<\/p>\n","protected":false},"author":1,"featured_media":0,"parent":0,"menu_order":0,"comment_status":"closed","ping_status":"closed","template":"","meta":{"footnotes":""},"class_list":["post-588","page","type-page","status-publish","hentry"],"yoast_head":"<!-- This site is optimized with the Yoast SEO plugin v26.4 - https:\/\/yoast.com\/wordpress\/plugins\/seo\/ -->\n<title>Forma\u00e7\u00e3o - NGRMAQ<\/title>\n<meta name=\"robots\" content=\"index, follow, max-snippet:-1, max-image-preview:large, max-video-preview:-1\" \/>\n<link rel=\"canonical\" href=\"https:\/\/mail.ngrmaq.es\/pt\/formacao\/\" \/>\n<meta property=\"og:locale\" content=\"pt_PT\" \/>\n<meta property=\"og:type\" content=\"article\" \/>\n<meta property=\"og:title\" content=\"Forma\u00e7\u00e3o - NGRMAQ\" \/>\n<meta property=\"og:description\" content=\"[vc_row][vc_column][vc_empty_space height=&#8221;100px&#8221;][vc_column_text] FORMA\u00c7\u00c3O [\/vc_column_text][vc_empty_space height=&#8221;50px&#8221;][vc_column_text]Os nossos cursos de treinamento incluem tr\u00eas programas formativos principais, que podem ser combinados e personalizados de ...\" \/>\n<meta property=\"og:url\" content=\"https:\/\/mail.ngrmaq.es\/pt\/formacao\/\" \/>\n<meta property=\"og:site_name\" content=\"NGRMAQ\" \/>\n<meta property=\"article:modified_time\" content=\"2022-03-24T13:45:52+00:00\" \/>\n<meta name=\"twitter:card\" content=\"summary_large_image\" \/>\n<meta name=\"twitter:label1\" content=\"Est. reading time\" \/>\n\t<meta name=\"twitter:data1\" content=\"2 minutes\" \/>\n<script type=\"application\/ld+json\" class=\"yoast-schema-graph\">{\"@context\":\"https:\/\/schema.org\",\"@graph\":[{\"@type\":\"WebPage\",\"@id\":\"https:\/\/mail.ngrmaq.es\/pt\/formacao\/\",\"url\":\"https:\/\/mail.ngrmaq.es\/pt\/formacao\/\",\"name\":\"Forma\u00e7\u00e3o - NGRMAQ\",\"isPartOf\":{\"@id\":\"https:\/\/www.ngrmaq.es\/pt\/#website\"},\"datePublished\":\"2019-05-22T09:50:53+00:00\",\"dateModified\":\"2022-03-24T13:45:52+00:00\",\"breadcrumb\":{\"@id\":\"https:\/\/mail.ngrmaq.es\/pt\/formacao\/#breadcrumb\"},\"inLanguage\":\"pt-PT\",\"potentialAction\":[{\"@type\":\"ReadAction\",\"target\":[\"https:\/\/mail.ngrmaq.es\/pt\/formacao\/\"]}]},{\"@type\":\"BreadcrumbList\",\"@id\":\"https:\/\/mail.ngrmaq.es\/pt\/formacao\/#breadcrumb\",\"itemListElement\":[{\"@type\":\"ListItem\",\"position\":1,\"name\":\"Portada\",\"item\":\"https:\/\/www.ngrmaq.es\/pt\/\"},{\"@type\":\"ListItem\",\"position\":2,\"name\":\"Forma\u00e7\u00e3o\"}]},{\"@type\":\"WebSite\",\"@id\":\"https:\/\/www.ngrmaq.es\/pt\/#website\",\"url\":\"https:\/\/www.ngrmaq.es\/pt\/\",\"name\":\"NGRMAQ\",\"description\":\"El partner tecnol\u00f3gico de la industria del perfilado.\",\"potentialAction\":[{\"@type\":\"SearchAction\",\"target\":{\"@type\":\"EntryPoint\",\"urlTemplate\":\"https:\/\/www.ngrmaq.es\/pt\/?s={search_term_string}\"},\"query-input\":{\"@type\":\"PropertyValueSpecification\",\"valueRequired\":true,\"valueName\":\"search_term_string\"}}],\"inLanguage\":\"pt-PT\"}]}<\/script>\n<!-- \/ Yoast SEO plugin. -->","yoast_head_json":{"title":"Forma\u00e7\u00e3o - NGRMAQ","robots":{"index":"index","follow":"follow","max-snippet":"max-snippet:-1","max-image-preview":"max-image-preview:large","max-video-preview":"max-video-preview:-1"},"canonical":"https:\/\/mail.ngrmaq.es\/pt\/formacao\/","og_locale":"pt_PT","og_type":"article","og_title":"Forma\u00e7\u00e3o - NGRMAQ","og_description":"[vc_row][vc_column][vc_empty_space height=&#8221;100px&#8221;][vc_column_text] FORMA\u00c7\u00c3O [\/vc_column_text][vc_empty_space height=&#8221;50px&#8221;][vc_column_text]Os nossos cursos de treinamento incluem tr\u00eas programas formativos principais, que podem ser combinados e personalizados de ...","og_url":"https:\/\/mail.ngrmaq.es\/pt\/formacao\/","og_site_name":"NGRMAQ","article_modified_time":"2022-03-24T13:45:52+00:00","twitter_card":"summary_large_image","twitter_misc":{"Est. reading time":"2 minutes"},"schema":{"@context":"https:\/\/schema.org","@graph":[{"@type":"WebPage","@id":"https:\/\/mail.ngrmaq.es\/pt\/formacao\/","url":"https:\/\/mail.ngrmaq.es\/pt\/formacao\/","name":"Forma\u00e7\u00e3o - NGRMAQ","isPartOf":{"@id":"https:\/\/www.ngrmaq.es\/pt\/#website"},"datePublished":"2019-05-22T09:50:53+00:00","dateModified":"2022-03-24T13:45:52+00:00","breadcrumb":{"@id":"https:\/\/mail.ngrmaq.es\/pt\/formacao\/#breadcrumb"},"inLanguage":"pt-PT","potentialAction":[{"@type":"ReadAction","target":["https:\/\/mail.ngrmaq.es\/pt\/formacao\/"]}]},{"@type":"BreadcrumbList","@id":"https:\/\/mail.ngrmaq.es\/pt\/formacao\/#breadcrumb","itemListElement":[{"@type":"ListItem","position":1,"name":"Portada","item":"https:\/\/www.ngrmaq.es\/pt\/"},{"@type":"ListItem","position":2,"name":"Forma\u00e7\u00e3o"}]},{"@type":"WebSite","@id":"https:\/\/www.ngrmaq.es\/pt\/#website","url":"https:\/\/www.ngrmaq.es\/pt\/","name":"NGRMAQ","description":"El partner tecnol\u00f3gico de la industria del perfilado.","potentialAction":[{"@type":"SearchAction","target":{"@type":"EntryPoint","urlTemplate":"https:\/\/www.ngrmaq.es\/pt\/?s={search_term_string}"},"query-input":{"@type":"PropertyValueSpecification","valueRequired":true,"valueName":"search_term_string"}}],"inLanguage":"pt-PT"}]}},"_links":{"self":[{"href":"https:\/\/mail.ngrmaq.es\/pt\/wp-json\/wp\/v2\/pages\/588","targetHints":{"allow":["GET"]}}],"collection":[{"href":"https:\/\/mail.ngrmaq.es\/pt\/wp-json\/wp\/v2\/pages"}],"about":[{"href":"https:\/\/mail.ngrmaq.es\/pt\/wp-json\/wp\/v2\/types\/page"}],"author":[{"embeddable":true,"href":"https:\/\/mail.ngrmaq.es\/pt\/wp-json\/wp\/v2\/users\/1"}],"replies":[{"embeddable":true,"href":"https:\/\/mail.ngrmaq.es\/pt\/wp-json\/wp\/v2\/comments?post=588"}],"version-history":[{"count":12,"href":"https:\/\/mail.ngrmaq.es\/pt\/wp-json\/wp\/v2\/pages\/588\/revisions"}],"predecessor-version":[{"id":990,"href":"https:\/\/mail.ngrmaq.es\/pt\/wp-json\/wp\/v2\/pages\/588\/revisions\/990"}],"wp:attachment":[{"href":"https:\/\/mail.ngrmaq.es\/pt\/wp-json\/wp\/v2\/media?parent=588"}],"curies":[{"name":"wp","href":"https:\/\/api.w.org\/{rel}","templated":true}]}}